{"id":2653,"date":"2022-10-08T21:34:34","date_gmt":"2022-10-08T21:34:34","guid":{"rendered":"https:\/\/ramadaplazamontreal.gmtpdigital.ca\/?page_id=2653"},"modified":"2025-03-06T20:50:55","modified_gmt":"2025-03-06T20:50:55","slug":"sortir-et-decouvrir","status":"publish","type":"page","link":"https:\/\/ramadaplazamontreal.gmtpdigital.ca\/fr\/autour-de-la-ville\/sortir-et-decouvrir\/","title":{"rendered":"Sortir et d\u00e9couvrir"},"content":{"rendered":"\t\t<div data-elementor-type=\"wp-page\" data-elementor-id=\"2653\" class=\"elementor elementor-2653 elementor-1443\">\n\t\t\t\t\t\t<section class=\"elementor-section elementor-top-section elementor-element elementor-element-b3b670b elementor-section-full_width elementor-section-height-default elementor-section-height-default\" data-id=\"b3b670b\" data-element_type=\"section\" data-e-type=\"section\">\n\t\t\t\t\t\t<div class=\"elementor-container elementor-column-gap-default\">\n\t\t\t\t\t<div class=\"elementor-column elementor-col-100 elementor-top-column elementor-element elementor-element-4947d2c\" data-id=\"4947d2c\" data-element_type=\"column\" data-e-type=\"column\">\n\t\t\t<div class=\"elementor-widget-wrap elementor-element-populated\">\n\t\t\t\t\t\t<div class=\"elementor-element elementor-element-9331b94 elementor-widget elementor-widget-image\" data-id=\"9331b94\" data-element_type=\"widget\" data-e-type=\"widget\" data-widget_type=\"image.default\">\n\t\t\t\t<div class=\"elementor-widget-container\">\n\t\t\t\t\t\t\t\t\t\t\t\t\t\t\t<img fetchpriority=\"high\" decoding=\"async\" width=\"1024\" height=\"341\" src=\"https:\/\/ramadaplazamontreal.gmtpdigital.ca\/wp-content\/uploads\/sites\/390\/2025\/02\/Out-About-Montreal_T-1024x341.jpg\" class=\"attachment-large size-large wp-image-4246\" alt=\"\" srcset=\"https:\/\/ramadaplazamontreal.gmtpdigital.ca\/wp-content\/uploads\/sites\/390\/2025\/02\/Out-About-Montreal_T-1024x341.jpg 1024w, https:\/\/ramadaplazamontreal.gmtpdigital.ca\/wp-content\/uploads\/sites\/390\/2025\/02\/Out-About-Montreal_T-300x100.jpg 300w, https:\/\/ramadaplazamontreal.gmtpdigital.ca\/wp-content\/uploads\/sites\/390\/2025\/02\/Out-About-Montreal_T-768x256.jpg 768w, https:\/\/ramadaplazamontreal.gmtpdigital.ca\/wp-content\/uploads\/sites\/390\/2025\/02\/Out-About-Montreal_T.jpg 1133w\" sizes=\"(max-width: 1024px) 100vw, 1024px\" \/>\t\t\t\t\t\t\t\t\t\t\t\t\t\t\t<\/div>\n\t\t\t\t<\/div>\n\t\t\t\t<div class=\"elementor-element elementor-element-c382660 elementor-widget elementor-widget-uael-posts\" data-id=\"c382660\" data-element_type=\"widget\" data-e-type=\"widget\" data-settings=\"{&quot;classic_slides_to_show&quot;:&quot;1&quot;,&quot;classic_slides_to_show_tablet&quot;:2,&quot;classic_slides_to_show_mobile&quot;:1}\" data-widget_type=\"uael-posts.classic\">\n\t\t\t\t<div class=\"elementor-widget-container\">\n\t\t\t\t\t\t\t<div class=\"uael-post__header\">\n\t\t\t\t\t<\/div>\n\t\t<div class=\"uael-post__body\">\n\t\t\t\n\t\t\n\t\t<div class=\"uael-blog-terms-position-above_content uael-post-image-top uael-post-grid uael-posts\" data-query-type=\"custom\" data-structure=\"normal\" data-layout=\"\" data-page=\"2653\" data-skin=\"classic\" data-filter-default=\"\" data-offset-top=\"30\" >\n\n\t\t\t\t\t\t\t<div class=\"uael-post-grid__inner uael-post__columns-1 uael-post__columns-tablet-2 uael-post__columns-mobile-1\">\n\t\t\t\n<div class=\"uael-post-wrapper   magasiner \">\n\t<div class=\"uael-post__bg-wrap\">\n\n\t\t\t\t\n\t\t<div class=\"uael-post__inner-wrap\">\n\n\t\t\t\t<div class=\"uael-post__thumbnail\">\n\t\t\t\n\t\t\t<a href=\"https:\/\/ramadaplazamontreal.gmtpdigital.ca\/fr\/2025\/03\/06\/taxi-live\/\" target=\"_self\" title=\"Taxi Live\"><img decoding=\"async\" width=\"985\" height=\"1628\" src=\"https:\/\/ramadaplazamontreal.gmtpdigital.ca\/wp-content\/uploads\/sites\/390\/2025\/03\/7648_Taxi_Live_P1.jpg\" class=\"attachment-full size-full wp-image-4385\" alt=\"\" srcset=\"https:\/\/ramadaplazamontreal.gmtpdigital.ca\/wp-content\/uploads\/sites\/390\/2025\/03\/7648_Taxi_Live_P1.jpg 985w, https:\/\/ramadaplazamontreal.gmtpdigital.ca\/wp-content\/uploads\/sites\/390\/2025\/03\/7648_Taxi_Live_P1-182x300.jpg 182w, https:\/\/ramadaplazamontreal.gmtpdigital.ca\/wp-content\/uploads\/sites\/390\/2025\/03\/7648_Taxi_Live_P1-620x1024.jpg 620w, https:\/\/ramadaplazamontreal.gmtpdigital.ca\/wp-content\/uploads\/sites\/390\/2025\/03\/7648_Taxi_Live_P1-768x1269.jpg 768w, https:\/\/ramadaplazamontreal.gmtpdigital.ca\/wp-content\/uploads\/sites\/390\/2025\/03\/7648_Taxi_Live_P1-929x1536.jpg 929w\" sizes=\"(max-width: 985px) 100vw, 985px\" \/><\/a>\n\t\t\t\t\t<\/div>\n\t\t\n\t\t\t\n\t\t\t<div class=\"uael-post__content-wrap\">\n\t\t\t\t\t\t\t<div class=\"uael-post__terms-wrap\"><span class=\"uael-post__terms\"><span class=\"uael-listing__terms-link\">Magasiner<\/span><\/span><\/div>\n\t\t\t\t\t\t<h3 class=\"uael-post__title\">\n\n\t\t\t\t\tTaxi Live\t\t\t\t<\/h3>\n\t\t\t\t\t<a class=\"uael-post__read-more elementor-button\" href=\"https:\/\/ramadaplazamontreal.gmtpdigital.ca\/fr\/2025\/03\/06\/taxi-live\/\" target=\"_self\" aria-labelledby=\"uael-post-4384\">\n\t\t\t\t\t<span class=\"elementor-button-content-wrapper\">\n\t\t\t\t\t\t\t\t\t\t\t\t\t\t<span class=\"elementor-button-icon elementor-align-icon-left\">\n\n\t\t\t\t\t\t\t\t\t\n\t\t\t\t\t\t\t\t<\/span>\n\t\t\t\t\t\t\t\t\t\t\t\t\t\n\t\t\t\t\t\t<span class=\"elementor-button-text\" id=uael-post-4384>Read More \u2192<\/span>\n\t\t\t\t\t<\/span>\n\t\t\t\t<\/a>\n\t\t\t\t\t\t<\/div>\n\t\t\t\n\t\t<\/div>\n\t\t\n\t<\/div>\n\n<\/div>\n\t\t\t\t<\/div>\n\t\t\t\t\t\t\n\t\t<\/div>\n\n\t\t\t\t\t\t<\/div>\n\t\t<div class=\"uael-post__footer\">\n\t\t\t\t\t<\/div>\n\t\t\t\t\t\t<\/div>\n\t\t\t\t<\/div>\n\t\t\t\t\t<\/div>\n\t\t<\/div>\n\t\t\t\t\t<\/div>\n\t\t<\/section>\n\t\t\t\t<section class=\"elementor-section elementor-top-section elementor-element elementor-element-d277890 elementor-section-boxed elementor-section-height-default elementor-section-height-default\" data-id=\"d277890\" data-element_type=\"section\" data-e-type=\"section\">\n\t\t\t\t\t\t<div class=\"elementor-container elementor-column-gap-default\">\n\t\t\t\t\t<div class=\"elementor-column elementor-col-100 elementor-top-column elementor-element elementor-element-e5ff877\" data-id=\"e5ff877\" data-element_type=\"column\" data-e-type=\"column\">\n\t\t\t<div class=\"elementor-widget-wrap elementor-element-populated\">\n\t\t\t\t\t\t<div class=\"elementor-element elementor-element-9a4122b elementor-widget elementor-widget-text-editor\" data-id=\"9a4122b\" data-element_type=\"widget\" data-e-type=\"widget\" data-widget_type=\"text-editor.default\">\n\t\t\t\t<div class=\"elementor-widget-container\">\n\t\t\t\t\t\t\t\t\t<p><strong><span>Festivals<\/span><\/strong><br \/><span>Festival Lumi\u00e8res (f\u00e9vrier)<\/span><br \/><span>Festival Nuits Blanches (avril)<\/span><br \/><span>F\u00eate nationale \u2013 St Jean-Baptiste (24 juin)<\/span><br \/><span>Grand Prix de Montr\u00e9al (juin)<\/span><br \/><span>Feux d\u2019artifice du Mondial SAQ (fin juin-d\u00e9but juillet)<\/span><br \/><span>F\u00eate du Canada (1er juillet)<\/span><br \/><span>Festival Juste pour Rire (juillet)<\/span><br \/><span>Festival international de jazz de Montr\u00e9al (juillet)<\/span><br \/><span>Festiblues (ao\u00fbt)<\/span><br \/><span>Magie des lanternes (septembre)<\/span><br \/><span>Osheaga (ao\u00fbt)<\/span><\/p><p><strong><span>Mus\u00e9es<\/span><\/strong><br \/><span>Mus\u00e9e des beaux-arts de Montr\u00e9al<\/span><br \/><span>514-285-5000<\/span><\/p><p><span>Mus\u00e9e d&rsquo;arch\u00e9ologie de Montr\u00e9al Pointe \u00e0 Calli\u00e8re<\/span><br \/><span>514-872-9128<\/span><\/p>\t\t\t\t\t\t\t\t<\/div>\n\t\t\t\t<\/div>\n\t\t\t\t\t<\/div>\n\t\t<\/div>\n\t\t\t\t\t<\/div>\n\t\t<\/section>\n\t\t\t\t<\/div>\n\t\t","protected":false},"excerpt":{"rendered":"<p>Magasiner Taxi Live Read More \u2192 FestivalsFestival Lumi\u00e8res (f\u00e9vrier)Festival Nuits Blanches (avril)F\u00eate nationale \u2013 St Jean-Baptiste (24 juin)Grand Prix de Montr\u00e9al (juin)Feux d\u2019artifice du Mondial SAQ (fin juin-d\u00e9but juillet)F\u00eate du Canada (1er juillet)Festival Juste pour Rire (juillet)Festival international de jazz de Montr\u00e9al (juillet)Festiblues (ao\u00fbt)Magie des lanternes (septembre)Osheaga (ao\u00fbt) Mus\u00e9esMus\u00e9e des beaux-arts de Montr\u00e9al514-285-5000 Mus\u00e9e d&rsquo;arch\u00e9ologie [&hellip;]<\/p>\n","protected":false},"author":22,"featured_media":0,"parent":2658,"menu_order":0,"comment_status":"closed","ping_status":"closed","template":"","meta":{"_mi_skip_tracking":false,"site-sidebar-layout":"no-sidebar","site-content-layout":"page-builder","ast-site-content-layout":"default","site-content-style":"default","site-sidebar-style":"default","ast-global-header-display":"","ast-banner-title-visibility":"","ast-main-header-display":"","ast-hfb-above-header-display":"","ast-hfb-below-header-display":"","ast-hfb-mobile-header-display":"","site-post-title":"disabled","ast-breadcrumbs-content":"","ast-featured-img":"disabled","footer-sml-layout":"","ast-disable-related-posts":"","theme-transparent-header-meta":"default","adv-header-id-meta":"","stick-header-meta":"","header-above-stick-meta":"","header-main-stick-meta":"","header-below-stick-meta":"","astra-migrate-meta-layouts":"default","ast-page-background-enabled":"default","ast-page-background-meta":{"desktop":{"background-color":"var(--ast-global-color-4)","background-image":"","background-repeat":"repeat","background-position":"center center","background-size":"auto","background-attachment":"scroll","background-type":"","background-media":"","overlay-type":"","overlay-color":"","overlay-opacity":"","overlay-gradient":""},"tablet":{"background-color":"","background-image":"","background-repeat":"repeat","background-position":"center center","background-size":"auto","background-attachment":"scroll","background-type":"","background-media":"","overlay-type":"","overlay-color":"","overlay-opacity":"","overlay-gradient":""},"mobile":{"background-color":"","background-image":"","background-repeat":"repeat","background-position":"center center","background-size":"auto","background-attachment":"scroll","background-type":"","background-media":"","overlay-type":"","overlay-color":"","overlay-opacity":"","overlay-gradient":""}},"ast-content-background-meta":{"desktop":{"background-color":"var(--ast-global-color-5)","background-image":"","background-repeat":"repeat","background-position":"center center","background-size":"auto","background-attachment":"scroll","background-type":"","background-media":"","overlay-type":"","overlay-color":"","overlay-opacity":"","overlay-gradient":""},"tablet":{"background-color":"var(--ast-global-color-5)","background-image":"","background-repeat":"repeat","background-position":"center center","background-size":"auto","background-attachment":"scroll","background-type":"","background-media":"","overlay-type":"","overlay-color":"","overlay-opacity":"","overlay-gradient":""},"mobile":{"background-color":"var(--ast-global-color-5)","background-image":"","background-repeat":"repeat","background-position":"center center","background-size":"auto","background-attachment":"scroll","background-type":"","background-media":"","overlay-type":"","overlay-color":"","overlay-opacity":"","overlay-gradient":""}},"footnotes":""},"class_list":["post-2653","page","type-page","status-publish","hentry"],"_links":{"self":[{"href":"https:\/\/ramadaplazamontreal.gmtpdigital.ca\/fr\/wp-json\/wp\/v2\/pages\/2653","targetHints":{"allow":["GET"]}}],"collection":[{"href":"https:\/\/ramadaplazamontreal.gmtpdigital.ca\/fr\/wp-json\/wp\/v2\/pages"}],"about":[{"href":"https:\/\/ramadaplazamontreal.gmtpdigital.ca\/fr\/wp-json\/wp\/v2\/types\/page"}],"author":[{"embeddable":true,"href":"https:\/\/ramadaplazamontreal.gmtpdigital.ca\/fr\/wp-json\/wp\/v2\/users\/22"}],"replies":[{"embeddable":true,"href":"https:\/\/ramadaplazamontreal.gmtpdigital.ca\/fr\/wp-json\/wp\/v2\/comments?post=2653"}],"version-history":[{"count":15,"href":"https:\/\/ramadaplazamontreal.gmtpdigital.ca\/fr\/wp-json\/wp\/v2\/pages\/2653\/revisions"}],"predecessor-version":[{"id":4445,"href":"https:\/\/ramadaplazamontreal.gmtpdigital.ca\/fr\/wp-json\/wp\/v2\/pages\/2653\/revisions\/4445"}],"up":[{"embeddable":true,"href":"https:\/\/ramadaplazamontreal.gmtpdigital.ca\/fr\/wp-json\/wp\/v2\/pages\/2658"}],"wp:attachment":[{"href":"https:\/\/ramadaplazamontreal.gmtpdigital.ca\/fr\/wp-json\/wp\/v2\/media?parent=2653"}],"curies":[{"name":"wp","href":"https:\/\/api.w.org\/{rel}","templated":true}]}}